{"id":140,"date":"2026-01-09T12:39:59","date_gmt":"2026-01-09T11:39:59","guid":{"rendered":"http:\/\/localhost\/wordpress\/?page_id=140"},"modified":"2026-03-04T09:54:44","modified_gmt":"2026-03-04T08:54:44","slug":"historias","status":"publish","type":"page","link":"https:\/\/juconi.org.mx\/en\/historias\/","title":{"rendered":"Stories"},"content":{"rendered":"<div data-elementor-type=\"wp-page\" data-elementor-id=\"140\" class=\"elementor elementor-140\" data-elementor-post-type=\"page\">\n\t\t\t\t<div class=\"elementor-element elementor-element-f039b75 e-flex e-con-boxed e-con e-parent\" data-id=\"f039b75\" data-element_type=\"container\" data-e-type=\"container\" data-settings=\"{&quot;background_background&quot;:&quot;classic&quot;}\">\n\t\t\t\t\t<div class=\"e-con-inner\">\n\t\t\t\t<div class=\"elementor-element elementor-element-04ccd5f elementor-widget__width-initial elementor-widget elementor-widget-heading\" data-id=\"04ccd5f\" data-element_type=\"widget\" data-e-type=\"widget\" data-widget_type=\"heading.default\">\n\t\t\t\t\t<h2 class=\"elementor-heading-title elementor-size-default\">Families of 4 communities in rural and 1 urban in the state of Puebla, in Mexico, they now have a space of reflection<\/h2>\t\t\t\t<\/div>\n\t\t\t\t\t<\/div>\n\t\t\t\t<\/div>\n\t\t<div class=\"elementor-element elementor-element-e4362d4 e-flex e-con-boxed e-con e-parent\" data-id=\"e4362d4\" data-element_type=\"container\" data-e-type=\"container\" data-settings=\"{&quot;background_background&quot;:&quot;classic&quot;}\">\n\t\t\t\t\t<div class=\"e-con-inner\">\n\t\t\t\t<div class=\"elementor-element elementor-element-31df6d0 elementor-widget-mobile__width-initial elementor-widget elementor-widget-heading\" data-id=\"31df6d0\" data-element_type=\"widget\" data-e-type=\"widget\" data-widget_type=\"heading.default\">\n\t\t\t\t\t<h2 class=\"elementor-heading-title elementor-size-default\">You know their stories that inspire change<\/h2>\t\t\t\t<\/div>\n\t\t\t\t\t<\/div>\n\t\t\t\t<\/div>\n\t\t<div class=\"elementor-element elementor-element-37636b5 e-flex e-con-boxed e-con e-parent\" data-id=\"37636b5\" data-element_type=\"container\" data-e-type=\"container\" data-settings=\"{&quot;background_background&quot;:&quot;classic&quot;}\">\n\t\t\t\t\t<div class=\"e-con-inner\">\n\t\t<div class=\"elementor-element elementor-element-d5dfe84 e-con-full e-flex e-con e-child\" data-id=\"d5dfe84\" data-element_type=\"container\" data-e-type=\"container\" data-settings=\"{&quot;background_background&quot;:&quot;classic&quot;}\">\n\t\t<div class=\"elementor-element elementor-element-7868adc e-con-full e-flex e-con e-child\" data-id=\"7868adc\" data-element_type=\"container\" data-e-type=\"container\">\n\t\t\t\t<div class=\"elementor-element elementor-element-d4dedd4 elementor-widget elementor-widget-heading\" data-id=\"d4dedd4\" data-element_type=\"widget\" data-e-type=\"widget\" data-widget_type=\"heading.default\">\n\t\t\t\t\t<h2 class=\"elementor-heading-title elementor-size-default\">STORIES<\/h2>\t\t\t\t<\/div>\n\t\t\t\t<div class=\"elementor-element elementor-element-be0fcd6 elementor-widget elementor-widget-image\" data-id=\"be0fcd6\" data-element_type=\"widget\" data-e-type=\"widget\" data-widget_type=\"image.default\">\n\t\t\t\t\t\t\t\t\t\t\t\t\t\t\t<img fetchpriority=\"high\" decoding=\"async\" width=\"299\" height=\"212\" src=\"https:\/\/juconi.org.mx\/wordpress\/wp-content\/uploads\/2026\/02\/Rectangle-60.png\" class=\"attachment-large size-large wp-image-616\" alt=\"\" \/>\t\t\t\t\t\t\t\t\t\t\t\t\t\t\t<\/div>\n\t\t\t\t<div class=\"elementor-element elementor-element-9dce79e elementor-widget elementor-widget-heading\" data-id=\"9dce79e\" data-element_type=\"widget\" data-e-type=\"widget\" data-widget_type=\"heading.default\">\n\t\t\t\t\t<h2 class=\"elementor-heading-title elementor-size-default\">Lily is a case of success <b>juconi<\/b><\/h2>\t\t\t\t<\/div>\n\t\t\t\t<div class=\"elementor-element elementor-element-6505e88 elementor-widget elementor-widget-heading\" data-id=\"6505e88\" data-element_type=\"widget\" data-e-type=\"widget\" data-widget_type=\"heading.default\">\n\t\t\t\t\t<h2 class=\"elementor-heading-title elementor-size-default\">Hi, I'm Lily and I have two children. My experience as a mom has changed a lot since I am an educator within Safe Environments for the Children of Juconi. Dealing with kids has taught me to see life in a different way, has helped me a lot as a mother because I now have a better relationship with my children<\/h2>\t\t\t\t<\/div>\n\t\t\t\t<\/div>\n\t\t\t\t<div class=\"elementor-element elementor-element-b932068 elementor-widget elementor-widget-button\" data-id=\"b932068\" data-element_type=\"widget\" data-e-type=\"widget\" data-widget_type=\"button.default\">\n\t\t\t\t\t\t\t\t\t\t<a class=\"elementor-button elementor-button-link elementor-size-sm\" href=\"https:\/\/juconi.org.mx\/en\/historias\/azucena-es-un-caso-de-exito-juconi\/\">\n\t\t\t\t\t\t<span class=\"elementor-button-content-wrapper\">\n\t\t\t\t\t\t\t\t\t<span class=\"elementor-button-text\">read story<\/span>\n\t\t\t\t\t<\/span>\n\t\t\t\t\t<\/a>\n\t\t\t\t\t\t\t\t<\/div>\n\t\t\t\t<\/div>\n\t\t<div class=\"elementor-element elementor-element-8ec9982 e-con-full e-flex e-con e-child\" data-id=\"8ec9982\" data-element_type=\"container\" data-e-type=\"container\" data-settings=\"{&quot;background_background&quot;:&quot;classic&quot;}\">\n\t\t<div class=\"elementor-element elementor-element-4ccf45c e-con-full e-flex e-con e-child\" data-id=\"4ccf45c\" data-element_type=\"container\" data-e-type=\"container\">\n\t\t\t\t<div class=\"elementor-element elementor-element-b754e64 elementor-widget elementor-widget-heading\" data-id=\"b754e64\" data-element_type=\"widget\" data-e-type=\"widget\" data-widget_type=\"heading.default\">\n\t\t\t\t\t<h2 class=\"elementor-heading-title elementor-size-default\">STORIES<\/h2>\t\t\t\t<\/div>\n\t\t\t\t<div class=\"elementor-element elementor-element-2ad2b02 elementor-widget elementor-widget-image\" data-id=\"2ad2b02\" data-element_type=\"widget\" data-e-type=\"widget\" data-widget_type=\"image.default\">\n\t\t\t\t\t\t\t\t\t\t\t\t\t\t\t<img decoding=\"async\" width=\"299\" height=\"212\" src=\"https:\/\/juconi.org.mx\/wordpress\/wp-content\/uploads\/2026\/02\/Rectangle-70.png\" class=\"attachment-large size-large wp-image-615\" alt=\"\" \/>\t\t\t\t\t\t\t\t\t\t\t\t\t\t\t<\/div>\n\t\t\t\t<div class=\"elementor-element elementor-element-d5ac2c9 elementor-widget elementor-widget-heading\" data-id=\"d5ac2c9\" data-element_type=\"widget\" data-e-type=\"widget\" data-widget_type=\"heading.default\">\n\t\t\t\t\t<h2 class=\"elementor-heading-title elementor-size-default\">\u00a1A success! Environments <b>juconi<\/b><\/h2>\t\t\t\t<\/div>\n\t\t\t\t<div class=\"elementor-element elementor-element-793e4f0 elementor-widget elementor-widget-heading\" data-id=\"793e4f0\" data-element_type=\"widget\" data-e-type=\"widget\" data-widget_type=\"heading.default\">\n\t\t\t\t\t<h2 class=\"elementor-heading-title elementor-size-default\">The activities of the Environments JUCONI aim of social cohesion, active participation and community resilience, for the prevention of violence through modeling behaviors of care and protection, strengthening the family and the positive interactions.<\/h2>\t\t\t\t<\/div>\n\t\t\t\t<\/div>\n\t\t\t\t<div class=\"elementor-element elementor-element-cb15d6c elementor-widget elementor-widget-button\" data-id=\"cb15d6c\" data-element_type=\"widget\" data-e-type=\"widget\" data-widget_type=\"button.default\">\n\t\t\t\t\t\t\t\t\t\t<a class=\"elementor-button elementor-button-link elementor-size-sm\" href=\"https:\/\/juconi.org.mx\/en\/historias\/caso-de-exito-en-ambientes-juconi\/\">\n\t\t\t\t\t\t<span class=\"elementor-button-content-wrapper\">\n\t\t\t\t\t\t\t\t\t<span class=\"elementor-button-text\">read story<\/span>\n\t\t\t\t\t<\/span>\n\t\t\t\t\t<\/a>\n\t\t\t\t\t\t\t\t<\/div>\n\t\t\t\t<\/div>\n\t\t\t\t\t<\/div>\n\t\t\t\t<\/div>\n\t\t\t\t<\/div>","protected":false},"excerpt":{"rendered":"<p>Las familias de 4 comunidades rurales y 1 urbana en el estado de Puebla, en M\u00e9xico, ahora tienen un espacio de reflexi\u00f3n Conoce sus historias que inspiran al cambio HISTORIAS Azucena es un caso de \u00e9xito juconi Hola, soy Azucena y tengo dos hijos. Mi experiencia como mam\u00e1 ha cambiado mucho desde que soy educadora [&hellip;]<\/p>\n","protected":false},"author":1,"featured_media":0,"parent":0,"menu_order":0,"comment_status":"closed","ping_status":"closed","template":"elementor_header_footer","meta":{"inline_featured_image":false,"footnotes":""},"class_list":["post-140","page","type-page","status-publish","hentry"],"_links":{"self":[{"href":"https:\/\/juconi.org.mx\/en\/wp-json\/wp\/v2\/pages\/140","targetHints":{"allow":["GET"]}}],"collection":[{"href":"https:\/\/juconi.org.mx\/en\/wp-json\/wp\/v2\/pages"}],"about":[{"href":"https:\/\/juconi.org.mx\/en\/wp-json\/wp\/v2\/types\/page"}],"author":[{"embeddable":true,"href":"https:\/\/juconi.org.mx\/en\/wp-json\/wp\/v2\/users\/1"}],"replies":[{"embeddable":true,"href":"https:\/\/juconi.org.mx\/en\/wp-json\/wp\/v2\/comments?post=140"}],"version-history":[{"count":25,"href":"https:\/\/juconi.org.mx\/en\/wp-json\/wp\/v2\/pages\/140\/revisions"}],"predecessor-version":[{"id":713,"href":"https:\/\/juconi.org.mx\/en\/wp-json\/wp\/v2\/pages\/140\/revisions\/713"}],"wp:attachment":[{"href":"https:\/\/juconi.org.mx\/en\/wp-json\/wp\/v2\/media?parent=140"}],"curies":[{"name":"wp","href":"https:\/\/api.w.org\/{rel}","templated":true}]}}