{"id":154,"date":"2026-01-09T12:57:05","date_gmt":"2026-01-09T11:57:05","guid":{"rendered":"http:\/\/localhost\/wordpress\/?page_id=154"},"modified":"2026-01-19T14:10:06","modified_gmt":"2026-01-19T13:10:06","slug":"azucena-es-un-caso-de-exito-juconi","status":"publish","type":"page","link":"https:\/\/juconi.org.mx\/en\/historias\/azucena-es-un-caso-de-exito-juconi\/","title":{"rendered":"Lily is a case of success juconi"},"content":{"rendered":"<div data-elementor-type=\"wp-page\" data-elementor-id=\"154\" class=\"elementor elementor-154\" data-elementor-post-type=\"page\">\n\t\t\t\t<div class=\"elementor-element elementor-element-20d4987 e-flex e-con-boxed e-con e-parent\" data-id=\"20d4987\" data-element_type=\"container\" data-e-type=\"container\" data-settings=\"{&quot;background_background&quot;:&quot;classic&quot;}\">\n\t\t\t\t\t<div class=\"e-con-inner\">\n\t\t\t\t<div class=\"elementor-element elementor-element-5c4d10d elementor-widget elementor-widget-heading\" data-id=\"5c4d10d\" data-element_type=\"widget\" data-e-type=\"widget\" data-widget_type=\"heading.default\">\n\t\t\t\t\t<h2 class=\"elementor-heading-title elementor-size-default\">Lily is a case of success juconi<\/h2>\t\t\t\t<\/div>\n\t\t\t\t\t<\/div>\n\t\t\t\t<\/div>\n\t\t<div class=\"elementor-element elementor-element-d2103fc e-flex e-con-boxed e-con e-parent\" data-id=\"d2103fc\" data-element_type=\"container\" data-e-type=\"container\">\n\t\t\t\t\t<div class=\"e-con-inner\">\n\t\t\t\t<div class=\"elementor-element elementor-element-99a654a elementor-widget elementor-widget-image\" data-id=\"99a654a\" data-element_type=\"widget\" data-e-type=\"widget\" data-widget_type=\"image.default\">\n\t\t\t\t\t\t\t\t\t\t\t\t\t\t\t<img decoding=\"async\" src=\"https:\/\/juconi.org.mx\/wp-content\/uploads\/2026\/01\/Rectangle-72.png\" title=\"\" alt=\"\" loading=\"lazy\" \/>\t\t\t\t\t\t\t\t\t\t\t\t\t\t\t<\/div>\n\t\t\t\t<div class=\"elementor-element elementor-element-a4debba elementor-widget elementor-widget-heading\" data-id=\"a4debba\" data-element_type=\"widget\" data-e-type=\"widget\" data-widget_type=\"heading.default\">\n\t\t\t\t\t<h2 class=\"elementor-heading-title elementor-size-default\">3, August 2024<\/h2>\t\t\t\t<\/div>\n\t\t\t\t<div class=\"elementor-element elementor-element-a1d9525 elementor-widget elementor-widget-text-editor\" data-id=\"a1d9525\" data-element_type=\"widget\" data-e-type=\"widget\" data-widget_type=\"text-editor.default\">\n\t\t\t\t\t\t\t\t\t<p>\u201cHi, I'm Lily and I have two children. My experience as a mom has changed a lot since I am an educator within Safe Environments for Children <strong>juconi<\/strong>. Dealing with kids has taught me to see life in a different way, has helped me a lot as a mother because I now have a better relationship with my children.<\/p><p>I want to thank the team <strong>juconi<\/strong> because thanks to your training I have strengthened my knowledge in that, both adults and children, deserve to be treated with respect and care. Thanks to <strong>juconi<\/strong> I have had the opportunity to attend certificate programs and conferences, which I am very proud of that. Thanks, <strong>juconi<\/strong>\u201d.<\/p>\t\t\t\t\t\t\t\t<\/div>\n\t\t\t\t\t<\/div>\n\t\t\t\t<\/div>\n\t\t\t\t<\/div>","protected":false},"excerpt":{"rendered":"<p>Azucena es un caso de \u00e9xito juconi 3, Agosto 2024 \u201cHola, soy Azucena y tengo dos hijos. Mi experiencia como mam\u00e1 ha cambiado mucho desde que soy educadora dentro de los Ambientes Seguros para la Infancia de juconi. Tratar con ni\u00f1os me ha ense\u00f1ado a ver la vida de una forma diferente, me ha ayudado [&hellip;]<\/p>\n","protected":false},"author":1,"featured_media":0,"parent":140,"menu_order":0,"comment_status":"closed","ping_status":"closed","template":"elementor_header_footer","meta":{"inline_featured_image":false,"footnotes":""},"class_list":["post-154","page","type-page","status-publish","hentry"],"_links":{"self":[{"href":"https:\/\/juconi.org.mx\/en\/wp-json\/wp\/v2\/pages\/154","targetHints":{"allow":["GET"]}}],"collection":[{"href":"https:\/\/juconi.org.mx\/en\/wp-json\/wp\/v2\/pages"}],"about":[{"href":"https:\/\/juconi.org.mx\/en\/wp-json\/wp\/v2\/types\/page"}],"author":[{"embeddable":true,"href":"https:\/\/juconi.org.mx\/en\/wp-json\/wp\/v2\/users\/1"}],"replies":[{"embeddable":true,"href":"https:\/\/juconi.org.mx\/en\/wp-json\/wp\/v2\/comments?post=154"}],"version-history":[{"count":10,"href":"https:\/\/juconi.org.mx\/en\/wp-json\/wp\/v2\/pages\/154\/revisions"}],"predecessor-version":[{"id":460,"href":"https:\/\/juconi.org.mx\/en\/wp-json\/wp\/v2\/pages\/154\/revisions\/460"}],"up":[{"embeddable":true,"href":"https:\/\/juconi.org.mx\/en\/wp-json\/wp\/v2\/pages\/140"}],"wp:attachment":[{"href":"https:\/\/juconi.org.mx\/en\/wp-json\/wp\/v2\/media?parent=154"}],"curies":[{"name":"wp","href":"https:\/\/api.w.org\/{rel}","templated":true}]}}