{"id":4105,"date":"2023-08-07T06:57:24","date_gmt":"2023-08-07T06:57:24","guid":{"rendered":"https:\/\/tplabs.co\/surince\/?page_id=4105"},"modified":"2024-08-22T07:49:09","modified_gmt":"2024-08-22T07:49:09","slug":"preguntas-frecuentes","status":"publish","type":"page","link":"https:\/\/juconi.org.mx\/en\/preguntas-frecuentes\/","title":{"rendered":"Frequently Asked Questions"},"content":{"rendered":"<div data-elementor-type=\"wp-page\" data-elementor-id=\"4105\" class=\"elementor elementor-4105\">\n\t\t\t\t\t\t<section class=\"elementor-section elementor-top-section elementor-element elementor-element-539bcb6 elementor-section-boxed elementor-section-height-default elementor-section-height-default\" data-id=\"539bcb6\" data-element_type=\"section\" data-e-type=\"section\">\n\t\t\t\t\t\t<div class=\"elementor-container elementor-column-gap-no\">\n\t\t\t\t\t<div class=\"elementor-column elementor-col-100 elementor-top-column elementor-element elementor-element-6e8226d\" data-id=\"6e8226d\" data-element_type=\"column\" data-e-type=\"column\">\n\t\t\t<div class=\"elementor-widget-wrap elementor-element-populated\">\n\t\t\t\t\t\t<div class=\"elementor-element elementor-element-7d34207 elementor-widget elementor-widget-image\" data-id=\"7d34207\" data-element_type=\"widget\" data-e-type=\"widget\" data-widget_type=\"image.default\">\n\t\t\t\t<div class=\"elementor-widget-container\">\n\t\t\t\t\t\t\t\t\t\t\t\t\t\t\t<img fetchpriority=\"high\" decoding=\"async\" width=\"400\" height=\"400\" src=\"https:\/\/juconi.org.mx\/wp-content\/uploads\/2024\/06\/favicon.png\" class=\"attachment-full size-full wp-image-4615\" alt=\"\" srcset=\"https:\/\/juconi.org.mx\/wp-content\/uploads\/2024\/06\/favicon.png 400w, https:\/\/juconi.org.mx\/wp-content\/uploads\/2024\/06\/favicon-300x300.png 300w, https:\/\/juconi.org.mx\/wp-content\/uploads\/2024\/06\/favicon-150x150.png 150w, https:\/\/juconi.org.mx\/wp-content\/uploads\/2024\/06\/favicon-70x70.png 70w\" sizes=\"(max-width: 400px) 100vw, 400px\" \/>\t\t\t\t\t\t\t\t\t\t\t\t\t\t\t<\/div>\n\t\t\t\t<\/div>\n\t\t\t\t<div class=\"elementor-element elementor-element-ce6fb3d align-center heading-default elementor-widget elementor-widget-mae-headings\" data-id=\"ce6fb3d\" data-element_type=\"widget\" data-e-type=\"widget\" data-widget_type=\"mae-headings.default\">\n\t\t\t\t<div class=\"elementor-widget-container\">\n\t\t\t\t\t\t\t<div class=\"master-heading sep-none\">\n\t\t\t\t\t\t\t        \n\t        \n\t        \t        <h2 class=\"main-heading\">Frequently Asked Questions<\/h2>\n\t        \n\t        \n\t        \t            <div class=\"sub-heading\">Da clic en las preguntas para desplegar las respuestas.<\/div>\n\t        \t    <\/div>\n\t    \t\t\t\t<\/div>\n\t\t\t\t<\/div>\n\t\t\t\t<section class=\"elementor-section elementor-inner-section elementor-element elementor-element-1063a35 elementor-section-boxed elementor-section-height-default elementor-section-height-default\" data-id=\"1063a35\" data-element_type=\"section\" data-e-type=\"section\">\n\t\t\t\t\t\t<div class=\"elementor-container elementor-column-gap-default\">\n\t\t\t\t\t<div class=\"elementor-column elementor-col-50 elementor-inner-column elementor-element elementor-element-be7e15b\" data-id=\"be7e15b\" data-element_type=\"column\" data-e-type=\"column\">\n\t\t\t<div class=\"elementor-widget-wrap elementor-element-populated\">\n\t\t\t\t\t\t<div class=\"elementor-element elementor-element-13e771f accordion-style-1 arrow-right elementor-widget elementor-widget-mae-accordion\" data-id=\"13e771f\" data-element_type=\"widget\" data-e-type=\"widget\" data-widget_type=\"mae-accordion.default\">\n\t\t\t\t<div class=\"elementor-widget-container\">\n\t\t\t\t\t\n\t\t<div class=\"master-accordions\">\n\t\t\t\t\t\t\t\t\t\t\t<div class=\"item elementor-repeater-item-34ad749\">\n\t\t\t\t\t<div class=\"title\">\n\t\t\t\t\t\t<div class=\"arrow\"><\/div>\n\t\t\t\t\t\t<h3>\u00bfQu\u00e9 es JUCONI?<\/h3>\n\t\t\t\t\t<\/div>\n\n\t\t\t\t\t<div class=\"content\">\n\t\t\t\t\t\t<p><span class=\"TextRun SCXW118019021 BCX0\" lang=\"ES-MX\" xml:lang=\"ES-MX\" data-contrast=\"auto\"><span class=\"NormalTextRun SCXW118019021 BCX0\">Fundaci\u00f3n JUCONI M\u00e9xico, A.C. trabaja para prevenir y sanar las heridas ocasionadas por la violencia familiar que afecta a ni\u00f1as, ni\u00f1os, j\u00f3venes y sus familias, quienes viven en condiciones de marginaci\u00f3n social y extrema pobreza.<\/span><\/span><span class=\"EOP SCXW118019021 BCX0\" data-ccp-props=\"{&quot;201341983&quot;:0,&quot;335557856&quot;:16777215,&quot;335559738&quot;:150,&quot;335559739&quot;:150,&quot;335559740&quot;:240}\">\u00a0<\/span><\/p>\t\t\t\t\t<\/div>\n\t\t\t\t<\/div>\n\t\t\t\t\t\t\t\t\t\t\t<div class=\"item elementor-repeater-item-fa0f854\">\n\t\t\t\t\t<div class=\"title\">\n\t\t\t\t\t\t<div class=\"arrow\"><\/div>\n\t\t\t\t\t\t<h3>\u00bfQu\u00e9 significa JUCONI?<\/h3>\n\t\t\t\t\t<\/div>\n\n\t\t\t\t\t<div class=\"content\">\n\t\t\t\t\t\t<p><span class=\"TextRun SCXW98497227 BCX0\" lang=\"ES-MX\" xml:lang=\"ES-MX\" data-contrast=\"auto\"><span class=\"NormalTextRun SCXW98497227 BCX0\">Junto con las ni\u00f1as y los ni\u00f1os<\/span><span class=\"NormalTextRun SCXW98497227 BCX0\">.<\/span><\/span><\/p>\t\t\t\t\t<\/div>\n\t\t\t\t<\/div>\n\t\t\t\t\t\t\t\t\t\t\t<div class=\"item elementor-repeater-item-dcc2f62\">\n\t\t\t\t\t<div class=\"title\">\n\t\t\t\t\t\t<div class=\"arrow\"><\/div>\n\t\t\t\t\t\t<h3>\u00bfTiene costo su servicio?<\/h3>\n\t\t\t\t\t<\/div>\n\n\t\t\t\t\t<div class=\"content\">\n\t\t\t\t\t\t<p><span class=\"TextRun SCXW222935553 BCX0\" lang=\"ES-MX\" xml:lang=\"ES-MX\" data-contrast=\"auto\"><span class=\"NormalTextRun SCXW222935553 BCX0\">No, no cobramos a los ni\u00f1os ni a sus familias. Los \u00fanicos servicios que cobramos son nuestros talleres y diplomados que se imparten a otras organizaciones como la nuestra, dependencias o centros educativos.<\/span><\/span><span class=\"EOP SCXW222935553 BCX0\" data-ccp-props=\"{&quot;201341983&quot;:2,&quot;335557856&quot;:16777215,&quot;335559738&quot;:450,&quot;335559739&quot;:150,&quot;335559740&quot;:330}\">\u00a0<\/span><\/p>\t\t\t\t\t<\/div>\n\t\t\t\t<\/div>\n\t\t\t\t\t\t\t\t\t\t\t<div class=\"item elementor-repeater-item-c35f584\">\n\t\t\t\t\t<div class=\"title\">\n\t\t\t\t\t\t<div class=\"arrow\"><\/div>\n\t\t\t\t\t\t<h3>\u00bfDan refugio a los ni\u00f1os y a sus familias?<\/h3>\n\t\t\t\t\t<\/div>\n\n\t\t\t\t\t<div class=\"content\">\n\t\t\t\t\t\t<p><span class=\"TextRun Highlight SCXW256210823 BCX0\" lang=\"ES-MX\" xml:lang=\"ES-MX\" data-contrast=\"auto\"><span class=\"NormalTextRun SCXW256210823 BCX0\">Damos un hogar a los ni\u00f1os en situaci\u00f3n de calle, los cuales por diversos motivos no quieren continuar viviendo con sus tutores y s\u00f3lo les damos un hogar hasta que se rehabilitan al igual que sus familias para seguir viviendo en un entorno familiar favorable a su desarrollo.<\/span><\/span><span class=\"EOP SCXW256210823 BCX0\" data-ccp-props=\"{&quot;201341983&quot;:2,&quot;335557856&quot;:16777215,&quot;335559738&quot;:450,&quot;335559739&quot;:150,&quot;335559740&quot;:330}\">\u00a0<\/span><\/p>\t\t\t\t\t<\/div>\n\t\t\t\t<\/div>\n\t\t\t\t    <\/div>\n\n\t    \t\t\t\t<\/div>\n\t\t\t\t<\/div>\n\t\t\t\t\t<\/div>\n\t\t<\/div>\n\t\t\t\t<div class=\"elementor-column elementor-col-50 elementor-inner-column elementor-element elementor-element-f910858\" data-id=\"f910858\" data-element_type=\"column\" data-e-type=\"column\">\n\t\t\t<div class=\"elementor-widget-wrap elementor-element-populated\">\n\t\t\t\t\t\t<div class=\"elementor-element elementor-element-1fac052 accordion-style-1 arrow-right elementor-widget elementor-widget-mae-accordion\" data-id=\"1fac052\" data-element_type=\"widget\" data-e-type=\"widget\" data-widget_type=\"mae-accordion.default\">\n\t\t\t\t<div class=\"elementor-widget-container\">\n\t\t\t\t\t\n\t\t<div class=\"master-accordions\">\n\t\t\t\t\t\t\t\t\t\t\t<div class=\"item elementor-repeater-item-34ad749\">\n\t\t\t\t\t<div class=\"title\">\n\t\t\t\t\t\t<div class=\"arrow\"><\/div>\n\t\t\t\t\t\t<h3>\u00bfAyudan a todos los ni\u00f1os de la calle?<\/h3>\n\t\t\t\t\t<\/div>\n\n\t\t\t\t\t<div class=\"content\">\n\t\t\t\t\t\t<p><span class=\"TextRun Highlight SCXW252141131 BCX0\" lang=\"ES-MX\" xml:lang=\"ES-MX\" data-contrast=\"auto\"><span class=\"NormalTextRun SCXW252141131 BCX0\">Es lo que se pretende, pero el trabajo es arduo y lleva su tiempo, pero se lucha d\u00eda con d\u00eda para erradicar la violencia en las familias y el trabajo infantil.<\/span><\/span><span class=\"EOP SCXW252141131 BCX0\" data-ccp-props=\"{&quot;201341983&quot;:2,&quot;335557856&quot;:16777215,&quot;335559738&quot;:450,&quot;335559739&quot;:150,&quot;335559740&quot;:330}\">\u00a0<\/span><\/p>\t\t\t\t\t<\/div>\n\t\t\t\t<\/div>\n\t\t\t\t\t\t\t\t\t\t\t<div class=\"item elementor-repeater-item-fa0f854\">\n\t\t\t\t\t<div class=\"title\">\n\t\t\t\t\t\t<div class=\"arrow\"><\/div>\n\t\t\t\t\t\t<h3>\u00bfAyudan a los ni\u00f1os y familias de todos los mercados? <\/h3>\n\t\t\t\t\t<\/div>\n\n\t\t\t\t\t<div class=\"content\">\n\t\t\t\t\t\t<p><span class=\"TextRun Highlight SCXW159797474 BCX0\" lang=\"ES-MX\" xml:lang=\"ES-MX\" data-contrast=\"auto\"><span class=\"NormalTextRun SCXW159797474 BCX0\">S\u00ed, actualmente <\/span><span class=\"NormalTextRun ContextualSpellingAndGrammarErrorV2Themed SCXW159797474 BCX0\">se\u202f trabaja<\/span><span class=\"NormalTextRun SCXW159797474 BCX0\"> m\u00e1s con las familias del Mercado Hidalgo en Puebla, <\/span><span class=\"NormalTextRun SCXW159797474 BCX0\">Puebla;\u202fpero<\/span><span class=\"NormalTextRun SCXW159797474 BCX0\"> puede asistir cualquier ni\u00f1o, ni\u00f1a y familias que necesiten la ayuda de JUCONI.<\/span><\/span><span class=\"EOP SCXW159797474 BCX0\" data-ccp-props=\"{&quot;201341983&quot;:2,&quot;335557856&quot;:16777215,&quot;335559738&quot;:450,&quot;335559739&quot;:150,&quot;335559740&quot;:330}\">\u00a0<\/span><\/p>\t\t\t\t\t<\/div>\n\t\t\t\t<\/div>\n\t\t\t\t\t\t\t\t\t\t\t<div class=\"item elementor-repeater-item-dcc2f62\">\n\t\t\t\t\t<div class=\"title\">\n\t\t\t\t\t\t<div class=\"arrow\"><\/div>\n\t\t\t\t\t\t<h3>\u00bfOfrecen apoyos econ\u00f3micos?<\/h3>\n\t\t\t\t\t<\/div>\n\n\t\t\t\t\t<div class=\"content\">\n\t\t\t\t\t\t<p><span class=\"TextRun Highlight SCXW58302439 BCX0\" lang=\"ES-MX\" xml:lang=\"ES-MX\" data-contrast=\"auto\"><span class=\"NormalTextRun SCXW58302439 BCX0\">No, el apoyo se basa en el Trabajo terap\u00e9utico que reciben las ni\u00f1as, los ni\u00f1os y sus familias en Centro JUCONI, Casa JUCONI o en la Casa de J\u00f3venes JUCONI<\/span><span class=\"NormalTextRun SCXW58302439 BCX0\">.<\/span><\/span><span class=\"EOP SCXW58302439 BCX0\" data-ccp-props=\"{&quot;201341983&quot;:2,&quot;335557856&quot;:16777215,&quot;335559738&quot;:450,&quot;335559739&quot;:150,&quot;335559740&quot;:330}\">\u00a0<\/span><\/p>\t\t\t\t\t<\/div>\n\t\t\t\t<\/div>\n\t\t\t\t\t\t\t\t\t\t\t<div class=\"item elementor-repeater-item-92db04d\">\n\t\t\t\t\t<div class=\"title\">\n\t\t\t\t\t\t<div class=\"arrow\"><\/div>\n\t\t\t\t\t\t<h3>\u00bfAtienden a familias y ni\u00f1os que no sean de Puebla?<\/h3>\n\t\t\t\t\t<\/div>\n\n\t\t\t\t\t<div class=\"content\">\n\t\t\t\t\t\t<p><span class=\"TextRun SCXW199898176 BCX0\" lang=\"ES-MX\" xml:lang=\"ES-MX\" data-contrast=\"auto\"><span class=\"NormalTextRun SCXW199898176 BCX0\">Si, la violencia existe en todas partes y buscamos llegar a todos lados, por lo que impartimos Capacitaciones, Talleres, Diplomados y una Especialidad a organizaciones y dependencias que trabajen con personas v\u00edctimas de violencia. <\/span><span class=\"NormalTextRun SCXW199898176 BCX0\">Con lo que, a<\/span> <span class=\"NormalTextRun SCXW199898176 BCX0\">trav\u00e9s de un enfoque basado en fortalezas, compartimos el Programa JUCONI con organizaciones nacionales e internacionales.<\/span><\/span><span class=\"EOP SCXW199898176 BCX0\" data-ccp-props=\"{&quot;201341983&quot;:2,&quot;335557856&quot;:16777215,&quot;335559738&quot;:450,&quot;335559739&quot;:150,&quot;335559740&quot;:330}\">\u00a0<\/span><\/p>\t\t\t\t\t<\/div>\n\t\t\t\t<\/div>\n\t\t\t\t    <\/div>\n\n\t    \t\t\t\t<\/div>\n\t\t\t\t<\/div>\n\t\t\t\t\t<\/div>\n\t\t<\/div>\n\t\t\t\t\t<\/div>\n\t\t<\/section>\n\t\t\t\t\t<\/div>\n\t\t<\/div>\n\t\t\t\t\t<\/div>\n\t\t<\/section>\n\t\t\t\t<\/div>\n\t\t\n    <div class=\"xs_social_share_widget xs_share_url after_content \t\tmain_content  wslu-style-1 wslu-share-box-shaped wslu-fill-colored wslu-none wslu-share-horizontal wslu-theme-font-no wslu-main_content\">\n\n\t\t\n        <ul>\n\t\t\t        <\/ul>\n    <\/div>","protected":false},"excerpt":{"rendered":"<p>Preguntas Frecuentes Da clic en las preguntas para desplegar las respuestas. \u00bfQu\u00e9 es JUCONI? Fundaci\u00f3n JUCONI M\u00e9xico, A.C. trabaja para prevenir y sanar las heridas ocasionadas por la violencia familiar que afecta a ni\u00f1as, ni\u00f1os, j\u00f3venes y sus familias, quienes viven en condiciones de marginaci\u00f3n social y extrema pobreza.\u00a0 \u00bfQu\u00e9<\/p>","protected":false},"author":1,"featured_media":0,"parent":0,"menu_order":0,"comment_status":"closed","ping_status":"closed","template":"","meta":{"om_disable_all_campaigns":false,"inline_featured_image":false,"_monsterinsights_skip_tracking":false,"_monsterinsights_sitenote_active":false,"_monsterinsights_sitenote_note":"","_monsterinsights_sitenote_category":0,"footnotes":""},"class_list":["post-4105","page","type-page","status-publish","hentry"],"aioseo_notices":[],"_links":{"self":[{"href":"https:\/\/juconi.org.mx\/en\/wp-json\/wp\/v2\/pages\/4105","targetHints":{"allow":["GET"]}}],"collection":[{"href":"https:\/\/juconi.org.mx\/en\/wp-json\/wp\/v2\/pages"}],"about":[{"href":"https:\/\/juconi.org.mx\/en\/wp-json\/wp\/v2\/types\/page"}],"author":[{"embeddable":true,"href":"https:\/\/juconi.org.mx\/en\/wp-json\/wp\/v2\/users\/1"}],"replies":[{"embeddable":true,"href":"https:\/\/juconi.org.mx\/en\/wp-json\/wp\/v2\/comments?post=4105"}],"version-history":[{"count":23,"href":"https:\/\/juconi.org.mx\/en\/wp-json\/wp\/v2\/pages\/4105\/revisions"}],"predecessor-version":[{"id":5620,"href":"https:\/\/juconi.org.mx\/en\/wp-json\/wp\/v2\/pages\/4105\/revisions\/5620"}],"wp:attachment":[{"href":"https:\/\/juconi.org.mx\/en\/wp-json\/wp\/v2\/media?parent=4105"}],"curies":[{"name":"wp","href":"https:\/\/api.w.org\/{rel}","templated":true}]}}